{"id":2990,"date":"2019-03-24T17:22:46","date_gmt":"2019-03-24T17:22:46","guid":{"rendered":"https:\/\/janmeifert.de\/blog\/?page_id=2990"},"modified":"2019-03-24T18:07:47","modified_gmt":"2019-03-24T18:07:47","slug":"gaestebuch","status":"publish","type":"page","link":"https:\/\/janmeifert.de\/blog\/?page_id=2990","title":{"rendered":"G\u00e4stebuch"},"content":{"rendered":"<p>Willkommen in meinem G\u00e4stebuch! \u00dcber konstruktive Eintr\u00e4ge sowie Gr\u00fc\u00dfe w\u00fcrde ich mich freuen.<\/p>\n<div class=\"gwolle-gb\"><div class=\"gwolle-gb-messages-top-container\"><\/div>\n\t\t\t<div class=\"gwolle-gb-write-button\">\n\t\t\t\t<input type=\"button\" name=\"gwolle-gb-write-button\" class=\"button btn btn-default \" value=\"Neuen Eintrag schreiben\" aria-expanded=\"false\" \/>\n\t\t\t<\/div>\n\t\t\t<form action=\"#\" method=\"POST\" class=\"gwolle-gb-write gwolle-gb-hide gwolle-gb-float gwolle-gb-form-ajax gwolle-gb-ajax gwolle-gb-not-logged-in\">\n\t\t\t\t<h3>Einen neuen Eintrag f\u00fcr das G\u00e4stebuch schreiben<\/h3>\n\t\t\t\t<button type=\"button\" class=\"gb-notice-dismiss\">x<span class=\"screen-reader-text\">Dieses Formular ausblenden<\/span><\/button>\n\t\t\t\n\t\t\t\t<input type=\"hidden\" name=\"gwolle_gb_function\" class=\"gwolle_gb_function\" value=\"add_entry\" \/><input type=\"hidden\" name=\"gwolle_gb_book_id\" class=\"gwolle_gb_book_id\" value=\"1\" \/><div class=\"gwolle_gb_12e106ab5130b2b17bd97038191f0bd4\">\n\t\t\t\t<div class=\"label\"><label for=\"gwolle_gb_12e106ab5130b2b17bd97038191f0bd4-1\" class=\"text-info\">Name <span class=\"required\">*<\/span><\/label><\/div>\n\t\t\t\t<div class=\"input\"><input class=\"wp-exclude-emoji gwolle_gb_12e106ab5130b2b17bd97038191f0bd4\" value=\"\" type=\"text\" id=\"gwolle_gb_12e106ab5130b2b17bd97038191f0bd4-1\" name=\"gwolle_gb_12e106ab5130b2b17bd97038191f0bd4\" required \/><\/div>\n\t\t\t\t<div class=\"clearBoth\">&nbsp;<\/div>\n\t\t\t<\/div><div class=\"gwolle_gb_2261a28048c4315e2838637c3b49eb6d\">\n\t\t\t\t\t<div class=\"label\"><label for=\"gwolle_gb_2261a28048c4315e2838637c3b49eb6d-1\" class=\"text-info\">Stadt<\/label><\/div>\n\t\t\t\t\t<div class=\"input\"><input class=\"wp-exclude-emoji gwolle_gb_2261a28048c4315e2838637c3b49eb6d\" value=\"\" type=\"text\" id=\"gwolle_gb_2261a28048c4315e2838637c3b49eb6d-1\" name=\"gwolle_gb_2261a28048c4315e2838637c3b49eb6d\" \/><\/div>\n\t\t\t\t\t<div class=\"clearBoth\">&nbsp;<\/div>\n\t\t\t\t<\/div><div class=\"gwolle_gb_10d5aefbcec05e3cda22548f67037f54\">\n\t\t\t\t<div class=\"label\"><label for=\"gwolle_gb_10d5aefbcec05e3cda22548f67037f54-1\" class=\"text-info\">E-Mail <span class=\"required\">*<\/span><\/label><\/div>\n\t\t\t\t<div class=\"input\"><input class=\"gwolle_gb_10d5aefbcec05e3cda22548f67037f54\" value=\"\" type=\"email\" id=\"gwolle_gb_10d5aefbcec05e3cda22548f67037f54-1\" name=\"gwolle_gb_10d5aefbcec05e3cda22548f67037f54\" required \/><\/div>\n\t\t\t\t<div class=\"clearBoth\">&nbsp;<\/div>\n\t\t\t<\/div><div class=\"gwolle_gb_f91df74887d8d30ec5c6ac54c3869e64\">\n\t\t\t\t<div class=\"label\"><label for=\"gwolle_gb_f91df74887d8d30ec5c6ac54c3869e64-1\" class=\"text-info\">Website<\/label><\/div>\n\t\t\t\t<div class=\"input\"><input class=\"gwolle_gb_f91df74887d8d30ec5c6ac54c3869e64\" value=\"\" type=\"url\" id=\"gwolle_gb_f91df74887d8d30ec5c6ac54c3869e64-1\" name=\"gwolle_gb_f91df74887d8d30ec5c6ac54c3869e64\" \/><\/div>\n\t\t\t\t<div class=\"clearBoth\">&nbsp;<\/div>\n\t\t\t<\/div>\n\t\t\t<div class=\"gwolle_gb_87ee21c15a8578dd274994992c044b68\" style=\"display:none;overflow:hidden;\" hidden=\"true\" aria-hidden=\"true\">\n\t\t\t\t<div class=\"label\">\n\t\t\t\t\t<label for=\"gwolle_gb_87ee21c15a8578dd274994992c044b68-1\" class=\"text-primary\">Hier nichts eingeben<\/label>\n\t\t\t\t\t<label for=\"gwolle_gb_c3c7d2b59eb5598015114fe1e087808a-1\" class=\"text-primary\">Hier nichts eingeben<\/label>\n\t\t\t\t<\/div>\n\t\t\t\t<div class=\"input\">\n\t\t\t\t\t<input value=\"27\" type=\"text\" id=\"gwolle_gb_87ee21c15a8578dd274994992c044b68-1\" name=\"gwolle_gb_87ee21c15a8578dd274994992c044b68\" class=\"gwolle_gb_87ee21c15a8578dd274994992c044b68\" style=\"transform: translateY(10000px);\" \/>\n\t\t\t\t\t<input value=\"\" type=\"text\" name=\"gwolle_gb_c3c7d2b59eb5598015114fe1e087808a\" id=\"gwolle_gb_c3c7d2b59eb5598015114fe1e087808a-1\" class=\"gwolle_gb_c3c7d2b59eb5598015114fe1e087808a\" style=\"transform: translateY(10000px);\" \/>\n\t\t\t\t<\/div>\n\t\t\t\t<div class=\"clearBoth\"><\/div>\n\t\t\t<\/div>\n\t\t\t<div class=\"gwolle_gb_0bf5e819d7c9608590b763c44066f5b3\" style=\"display:none;overflow:hidden;\" hidden=\"true\" aria-hidden=\"true\">\n\t\t\t\t<div class=\"label\">\n\t\t\t\t\t<label for=\"gwolle_gb_0bf5e819d7c9608590b763c44066f5b3-1\" class=\"text-primary\">Hier nichts eingeben<\/label>\n\t\t\t\t\t<label for=\"gwolle_gb_104fba75c2ce0011110219c018353c19-1\" class=\"text-primary\">Hier nichts eingeben<\/label>\n\t\t\t\t<\/div>\n\t\t\t\t<div class=\"input\">\n\t\t\t\t\t<input value=\"52307\" type=\"text\" id=\"gwolle_gb_0bf5e819d7c9608590b763c44066f5b3-1\" name=\"gwolle_gb_0bf5e819d7c9608590b763c44066f5b3\" class=\"gwolle_gb_0bf5e819d7c9608590b763c44066f5b3\" style=\"transform: translateY(10000px);\" \/>\n\t\t\t\t\t<input value=\"52307\" type=\"text\"id=\"gwolle_gb_104fba75c2ce0011110219c018353c19-1\" name=\"gwolle_gb_104fba75c2ce0011110219c018353c19\" class=\"gwolle_gb_104fba75c2ce0011110219c018353c19\" style=\"transform: translateY(10000px);\" \/>\n\t\t\t\t<\/div>\n\t\t\t\t<div class=\"clearBoth\"><\/div>\n\t\t\t<\/div><div class=\"gwolle_gb_content\">\n\t\t\t\t<div class=\"label\"><label for=\"gwolle_gb_content-1\" class=\"text-info\">G\u00e4stebucheintrag <span class=\"required\">*<\/span><\/label><\/div>\n\t\t\t\t<div class=\"input\"><textarea id=\"gwolle_gb_content-1\" name=\"gwolle_gb_content\" class=\"gwolle_gb_content wp-exclude-emoji\" required ><\/textarea><div class=\"gwolle_gb_emoji gwolle-gb-emoji gwolle-gb-hide\">\n\t\t<a title=\"\ud83d\ude04\" class=\"gwolle_gb_emoji_1 noslimstat\">\ud83d\ude04<\/a>\n\t\t<a title=\"\ud83d\ude03\" class=\"gwolle_gb_emoji_2 noslimstat\">\ud83d\ude03<\/a>\n\t\t<a title=\"\ud83d\ude09\" class=\"gwolle_gb_emoji_3 noslimstat\">\ud83d\ude09<\/a>\n\t\t<a title=\"\ud83d\ude0a\" class=\"gwolle_gb_emoji_4 noslimstat\">\ud83d\ude0a<\/a>\n\t\t<a title=\"\ud83d\ude1a\" class=\"gwolle_gb_emoji_5 noslimstat\">\ud83d\ude1a<\/a>\n\t\t<a title=\"\ud83d\ude17\" class=\"gwolle_gb_emoji_6 noslimstat\">\ud83d\ude17<\/a>\n\t\t<a title=\"\ud83d\ude1c\" class=\"gwolle_gb_emoji_7 noslimstat\">\ud83d\ude1c<\/a>\n\t\t<a title=\"\ud83d\ude1b\" class=\"gwolle_gb_emoji_8 noslimstat\">\ud83d\ude1b<\/a>\n\t\t<a title=\"\ud83d\ude33\" class=\"gwolle_gb_emoji_9 noslimstat\">\ud83d\ude33<\/a>\n\t\t<a title=\"\ud83d\ude01\" class=\"gwolle_gb_emoji_10 noslimstat\">\ud83d\ude01<\/a>\n\t\t<a title=\"\ud83d\ude2c\" class=\"gwolle_gb_emoji_11 noslimstat\">\ud83d\ude2c<\/a>\n\t\t<a title=\"\ud83d\ude0c\" class=\"gwolle_gb_emoji_12 noslimstat\">\ud83d\ude0c<\/a>\n\t\t<a title=\"\ud83d\ude1e\" class=\"gwolle_gb_emoji_13 noslimstat\">\ud83d\ude1e<\/a>\n\t\t<a title=\"\ud83d\ude18\" class=\"gwolle_gb_emoji_14 noslimstat\">\ud83d\ude18<\/a>\n\t\t<a title=\"\ud83d\ude0d\" class=\"gwolle_gb_emoji_15 noslimstat\">\ud83d\ude0d<\/a>\n\t\t<a title=\"\ud83d\ude22\" class=\"gwolle_gb_emoji_16 noslimstat\">\ud83d\ude22<\/a>\n\t\t<a title=\"\ud83d\ude02\" class=\"gwolle_gb_emoji_17 noslimstat\">\ud83d\ude02<\/a>\n\t\t<a title=\"\ud83d\ude2d\" class=\"gwolle_gb_emoji_18 noslimstat\">\ud83d\ude2d<\/a>\n\t\t<a title=\"\ud83d\ude05\" class=\"gwolle_gb_emoji_19 noslimstat\">\ud83d\ude05<\/a>\n\t\t<a title=\"\ud83d\ude13\" class=\"gwolle_gb_emoji_20 noslimstat\">\ud83d\ude13<\/a>\n\t\t<a title=\"\ud83d\ude29\" class=\"gwolle_gb_emoji_21 noslimstat\">\ud83d\ude29<\/a>\n\t\t<a title=\"\ud83d\ude2e\" class=\"gwolle_gb_emoji_22 noslimstat\">\ud83d\ude2e<\/a>\n\t\t<a title=\"\ud83d\ude31\" class=\"gwolle_gb_emoji_23 noslimstat\">\ud83d\ude31<\/a>\n\t\t<a title=\"\ud83d\ude20\" class=\"gwolle_gb_emoji_24 noslimstat\">\ud83d\ude20<\/a>\n\t\t<a title=\"\ud83d\ude21\" class=\"gwolle_gb_emoji_25 noslimstat\">\ud83d\ude21<\/a>\n\t\t<a title=\"\ud83d\ude24\" class=\"gwolle_gb_emoji_26 noslimstat\">\ud83d\ude24<\/a>\n\t\t<a title=\"\ud83d\ude0b\" class=\"gwolle_gb_emoji_27 noslimstat\">\ud83d\ude0b<\/a>\n\t\t<a title=\"\ud83d\ude0e\" class=\"gwolle_gb_emoji_28 noslimstat\">\ud83d\ude0e<\/a>\n\t\t<a title=\"\ud83d\ude34\" class=\"gwolle_gb_emoji_29 noslimstat\">\ud83d\ude34<\/a>\n\t\t<a title=\"\ud83d\ude08\" class=\"gwolle_gb_emoji_30 noslimstat\">\ud83d\ude08<\/a>\n\t\t<a title=\"\ud83d\ude07\" class=\"gwolle_gb_emoji_31 noslimstat\">\ud83d\ude07<\/a>\n\t\t<a title=\"\ud83d\ude15\" class=\"gwolle_gb_emoji_32 noslimstat\">\ud83d\ude15<\/a>\n\t\t<a title=\"\ud83d\ude0f\" class=\"gwolle_gb_emoji_33 noslimstat\">\ud83d\ude0f<\/a>\n\t\t<a title=\"\ud83d\ude11\" class=\"gwolle_gb_emoji_34 noslimstat\">\ud83d\ude11<\/a>\n\t\t<a title=\"\ud83d\udc72\" class=\"gwolle_gb_emoji_35 noslimstat\">\ud83d\udc72<\/a>\n\t\t<a title=\"\ud83d\udc6e\" class=\"gwolle_gb_emoji_36 noslimstat\">\ud83d\udc6e<\/a>\n\t\t<a title=\"\ud83d\udc82\" class=\"gwolle_gb_emoji_37 noslimstat\">\ud83d\udc82<\/a>\n\t\t<a title=\"\ud83d\udc76\" class=\"gwolle_gb_emoji_38 noslimstat\">\ud83d\udc76<\/a>\n\t\t<a title=\"\u2764\" class=\"gwolle_gb_emoji_39 noslimstat\">\u2764<\/a>\n\t\t<a title=\"\ud83d\udc94\" class=\"gwolle_gb_emoji_40 noslimstat\">\ud83d\udc94<\/a>\n\t\t<a title=\"\ud83d\udc95\" class=\"gwolle_gb_emoji_41 noslimstat\">\ud83d\udc95<\/a>\n\t\t<a title=\"\ud83d\udc98\" class=\"gwolle_gb_emoji_42 noslimstat\">\ud83d\udc98<\/a>\n\t\t<a title=\"\ud83d\udc8c\" class=\"gwolle_gb_emoji_43 noslimstat\">\ud83d\udc8c<\/a>\n\t\t<a title=\"\ud83d\udc8b\" class=\"gwolle_gb_emoji_44 noslimstat\">\ud83d\udc8b<\/a>\n\t\t<a title=\"\ud83c\udf81\" class=\"gwolle_gb_emoji_45 noslimstat\">\ud83c\udf81<\/a>\n\t\t<a title=\"\ud83d\udcb0\" class=\"gwolle_gb_emoji_46 noslimstat\">\ud83d\udcb0<\/a>\n\t\t<a title=\"\ud83d\udc8d\" class=\"gwolle_gb_emoji_47 noslimstat\">\ud83d\udc8d<\/a>\n\t\t<a title=\"\ud83d\udc4d\" class=\"gwolle_gb_emoji_48 noslimstat\">\ud83d\udc4d<\/a>\n\t\t<a title=\"\ud83d\udc4e\" class=\"gwolle_gb_emoji_49 noslimstat\">\ud83d\udc4e<\/a>\n\t\t<a title=\"\ud83d\udc4c\" class=\"gwolle_gb_emoji_50 noslimstat\">\ud83d\udc4c<\/a>\n\t\t<a title=\"\u270c\ufe0f\" class=\"gwolle_gb_emoji_51 noslimstat\">\u270c\ufe0f<\/a>\n\t\t<a title=\"\ud83e\udd18\ufe0f\" class=\"gwolle_gb_emoji_52 noslimstat\">\ud83e\udd18<\/a>\n\t\t<a title=\"\ud83d\udc4f\" class=\"gwolle_gb_emoji_53 noslimstat\">\ud83d\udc4f<\/a>\n\t\t<a title=\"\ud83c\udfb5\" class=\"gwolle_gb_emoji_54 noslimstat\">\ud83c\udfb5<\/a>\n\t\t<a title=\"\u2615\ufe0f\" class=\"gwolle_gb_emoji_55 noslimstat\">\u2615\ufe0f<\/a>\n\t\t<a title=\"\ud83c\udf75\" class=\"gwolle_gb_emoji_56 noslimstat\">\ud83c\udf75<\/a>\n\t\t<a title=\"\ud83c\udf7a\" class=\"gwolle_gb_emoji_57 noslimstat\">\ud83c\udf7a<\/a>\n\t\t<a title=\"\ud83c\udf77\" class=\"gwolle_gb_emoji_58 noslimstat\">\ud83c\udf77<\/a>\n\t\t<a title=\"\ud83c\udf7c\" class=\"gwolle_gb_emoji_59 noslimstat\">\ud83c\udf7c<\/a>\n\t\t<a title=\"\u2600\ufe0f\" class=\"gwolle_gb_emoji_60 noslimstat\">\u2600\ufe0f<\/a>\n\t\t<a title=\"\ud83c\udf24\" class=\"gwolle_gb_emoji_61 noslimstat\">\ud83c\udf24<\/a>\n\t\t<a title=\"\ud83c\udf26\" class=\"gwolle_gb_emoji_62 noslimstat\">\ud83c\udf26<\/a>\n\t\t<a title=\"\ud83c\udf27\" class=\"gwolle_gb_emoji_63 noslimstat\">\ud83c\udf27<\/a>\n\t\t<a title=\"\ud83c\udf1c\" class=\"gwolle_gb_emoji_64 noslimstat\">\ud83c\udf1c<\/a>\n\t\t<a title=\"\ud83c\udf08\" class=\"gwolle_gb_emoji_65 noslimstat\">\ud83c\udf08<\/a>\n\t\t<a title=\"\ud83c\udfdd\" class=\"gwolle_gb_emoji_66 noslimstat\">\ud83c\udfdd<\/a>\n\t\t<a title=\"\ud83c\udf85\" class=\"gwolle_gb_emoji_67 noslimstat\">\ud83c\udf85<\/a>\n\t\t<\/div><\/div>\n\t\t\t\t\t<div class=\"clearBoth\">&nbsp;<\/div>\n\t\t\t\t<\/div><input type=\"hidden\" class=\"gwolle_gb_dcb06faf14012da63ea9b3680668d6be\" id=\"gwolle_gb_dcb06faf14012da63ea9b3680668d6be-1\" name=\"gwolle_gb_dcb06faf14012da63ea9b3680668d6be\" value=\"1072b76506\" \/>\n\t\t\t<div class=\"gwolle-gb-messages-bottom-container\"><\/div>\n\n\t\t\t<noscript><div class=\"no-js\">Warnung: Dieses Formular kann nur verwendet werden, wenn in deinem Browser JavaScript aktiviert ist.<\/div><\/noscript>\n\n\t\t\t<div class=\"gwolle_gb_submit gwolle-gb-submit\">\n\t\t\t\t<div class=\"label gwolle-gb-invisible text-muted\">&nbsp;<\/div>\n\t\t\t\t<div class=\"input\">\n\t\t\t\t\t<input type=\"submit\" name=\"gwolle_gb_submit\" class=\"gwolle_gb_submit button btn btn-primary \" value=\"Absenden\" \/>\n\t\t\t\t\t<span class=\"gwolle_gb_submit_ajax_icon gwolle-gb-submit-ajax-icon\"><\/span>\n\t\t\t\n\t\t\t\t<\/div>\n\t\t\t\t<div class=\"clearBoth\">&nbsp;<\/div>\n\t\t\t<\/div>\n\n\t\t\t<div class=\"gwolle_gb_notice gwolle-gb-notice\">\n\t\t\t\tMit * gekennzeichnete Felder sind erforderlich.<br \/>\r\nDeine E-Mail-Adresse wird nicht ver\u00f6ffentlicht.<br \/>\r\nEs ist m\u00f6glich, dass dein Eintrag im G\u00e4stebuch erst sichtbar ist, nachdem ich ihn \u00fcberpr\u00fcft habe.<br \/>\r\nIch behalte mir vor, Eintr\u00e4ge zu bearbeiten, zu l\u00f6schen oder nicht zu ver\u00f6ffentlichen.\n\t\t\t<\/div><\/form><div class=\"gwolle-gb-read gwolle-gb-ajax gwolle-gb-entries-list\" data-book_id=\"1\" data-page_id=\"1\">\n\t\t<div id=\"gwolle-gb-total\" class=\"gwolle-gb-total\">2 Eintr\u00e4ge<\/div><!-- Gwolle-GB Entry: Default Template Loaded -->\n\t\t\t\t<div class=\"gb-entry gb-entry_22 gb-entry-count_1 gwolle-gb-uneven gwolle-gb-first\" id=\"gb-entry_22\" data-entry_id=\"22\">\n\t\t\t\t<article>\n\t\t\t\t\t<div class=\"gb-author-info\">\n\t\t\t\t\t\t<span class=\"gb-author-name\">N.-M.Witt\n\t\t\t\t\t\t<\/span>\n\t\t\t\t\t\t<span class=\"gb-datetime\">\n\t\t\t\t\t\t\t<span class=\"gb-date\"><span class=\"gb-date-wrote-text\"> schrieb am<\/span><span class=\"gb-date-text\"> 13. November 2021<\/span>\n\t\t\t\t\t\t\t<\/span><span class=\"gb-time\">\n\t\t\t\t\t\t\t\t\t<span class=\"gb-time-at-text\"> um<\/span>\n\t\t\t\t\t\t\t\t\t<span class=\"gb-time-text\"> 10.26 p.m.<\/span>\n\t\t\t\t\t\t\t\t<\/span>\n\t\t\t\t\t\t<\/span> \n\t\t\t\t\t<\/div>\n\t\t\t\t\t<div class=\"gb-entry-content\">Guten Abend,\nbei meiner Recherche zu alten Klassenkameraden auf den Spuren meiner Kindheit bin ich auf Deine Seite gesto\u00dfen. Auch ich habe als Kind zweieinhalb Jahre in Saudi-Arabien, Riyadh verbringen d\u00fcrfen und lebte mit meiner Familie im Holzmann Camp. Deine Bilder erinnern mich an Erlebnisse und Eindr\u00fccke von damals und das ist wunderbar! Die Texte r\u00fccken manches in ein weniger romantisches Licht. Danke daf\u00fcr.\n\t\t\t\t\t<\/div>\n\t\t\t\t<\/article>\n\t\t\t<\/div>\n\t\t\t<div class=\"gb-entry gb-entry_12 gb-entry-count_2 gwolle-gb-even\" id=\"gb-entry_12\" data-entry_id=\"12\">\n\t\t\t\t<article>\n\t\t\t\t\t<div class=\"gb-author-info\">\n\t\t\t\t\t\t<span class=\"gb-author-name\"><a href=\"https:\/\/www.facebook.com\/wolfgang.schiller.568\/\" target=\"_blank\" rel=\"nofollow noopener noreferrer\"\n\t\t\t\t\t\t\ttitle=\"Besuche die Website von Wolfgang Schiller: https:\/\/www.facebook.com\/wolfgang.schiller.568\/\">Wolfgang Schiller<\/a>\n\t\t\t\t\t\t<\/span>\n\t\t\t\t\t\t<span class=\"gb-datetime\">\n\t\t\t\t\t\t\t<span class=\"gb-date\"><span class=\"gb-date-wrote-text\"> schrieb am<\/span><span class=\"gb-date-text\"> 19. August 2020<\/span>\n\t\t\t\t\t\t\t<\/span><span class=\"gb-time\">\n\t\t\t\t\t\t\t\t\t<span class=\"gb-time-at-text\"> um<\/span>\n\t\t\t\t\t\t\t\t\t<span class=\"gb-time-text\"> 11.31 p.m.<\/span>\n\t\t\t\t\t\t\t\t<\/span>\n\t\t\t\t\t\t<\/span> \n\t\t\t\t\t<\/div>\n\t\t\t\t\t<div class=\"gb-entry-content\">Sehr interessante Bilder gut pr\u00e4sentiert. Ich bin beeindruckt und angeregt.\n\t\t\t\t\t<\/div>\n\t\t\t\t\t<div class=\"gb-entry-admin_reply admin-entry\">\n\t\t\t\t\t\t<div class=\"gb-admin-reply-uid\">\n\t\t\t\t\t\t\t<em>Administrator-Antwort von: jm<\/em>\n\t\t\t\t\t\t<\/div> \n\t\t\t\t\t\t<div class=\"gb-admin-reply-content\">\n\t\t\t\t\t\tBesten Dank f\u00fcr Deinen Besuch und Deine R\u00fcckmeldung, Wolfgang!\n\t\t\t\t\t\t<\/div>\n\t\t\t\t\t<\/div>\n\t\t\t\t<\/article>\n\t\t\t<\/div>\n\t\t\t<\/div><\/div>\n<p>&nbsp;<\/p>\n<p><a title=\"Randers\" href=\"https:\/\/www.flickr.com\/photos\/meifert\/11960707975\/in\/album-72157629785029099\/\" data-flickr-embed=\"true\"><img data-recalc-dims=\"1\" loading=\"lazy\" decoding=\"async\" src=\"https:\/\/i0.wp.com\/farm3.staticflickr.com\/2817\/11960707975_5f5b0ddabb_z.jpg?resize=640%2C427&#038;ssl=1\" alt=\"Randers\" width=\"640\" height=\"427\" \/><\/a><script async src=\"\/\/embedr.flickr.com\/assets\/client-code.js\" charset=\"utf-8\"><\/script><br \/>\n<em>Gastliches Haus in Randers (2013)<\/em><\/p>\n","protected":false},"excerpt":{"rendered":"<p>Willkommen in meinem G\u00e4stebuch! \u00dcber konstruktive Eintr\u00e4ge sowie Gr\u00fc\u00dfe w\u00fcrde ich mich freuen. &nbsp; Gastliches Haus in Randers (2013)<\/p>\n","protected":false},"author":1,"featured_media":0,"parent":0,"menu_order":0,"comment_status":"closed","ping_status":"closed","template":"","meta":{"_monsterinsights_skip_tracking":false,"_monsterinsights_sitenote_active":false,"_monsterinsights_sitenote_note":"","_monsterinsights_sitenote_category":0,"_uf_show_specific_survey":0,"_uf_disable_surveys":false,"jetpack_post_was_ever_published":false,"footnotes":""},"class_list":["post-2990","page","type-page","status-publish","hentry"],"jetpack_sharing_enabled":true,"jetpack_shortlink":"https:\/\/wp.me\/P7113x-Me","jetpack_likes_enabled":true,"publishpress_future_action":{"enabled":false,"date":"2026-04-19 20:12:54","action":"change-status","newStatus":"draft","terms":[],"taxonomy":"","extraData":[]},"publishpress_future_workflow_manual_trigger":{"enabledWorkflows":[]},"_links":{"self":[{"href":"https:\/\/janmeifert.de\/blog\/index.php?rest_route=\/wp\/v2\/pages\/2990","targetHints":{"allow":["GET"]}}],"collection":[{"href":"https:\/\/janmeifert.de\/blog\/index.php?rest_route=\/wp\/v2\/pages"}],"about":[{"href":"https:\/\/janmeifert.de\/blog\/index.php?rest_route=\/wp\/v2\/types\/page"}],"author":[{"embeddable":true,"href":"https:\/\/janmeifert.de\/blog\/index.php?rest_route=\/wp\/v2\/users\/1"}],"replies":[{"embeddable":true,"href":"https:\/\/janmeifert.de\/blog\/index.php?rest_route=%2Fwp%2Fv2%2Fcomments&post=2990"}],"version-history":[{"count":4,"href":"https:\/\/janmeifert.de\/blog\/index.php?rest_route=\/wp\/v2\/pages\/2990\/revisions"}],"predecessor-version":[{"id":2997,"href":"https:\/\/janmeifert.de\/blog\/index.php?rest_route=\/wp\/v2\/pages\/2990\/revisions\/2997"}],"wp:attachment":[{"href":"https:\/\/janmeifert.de\/blog\/index.php?rest_route=%2Fwp%2Fv2%2Fmedia&parent=2990"}],"curies":[{"name":"wp","href":"https:\/\/api.w.org\/{rel}","templated":true}]}}