{"id":2159,"date":"2017-04-12T14:55:29","date_gmt":"2017-04-12T12:55:29","guid":{"rendered":"http:\/\/www.janmeifert.de\/?page_id=1244"},"modified":"2025-11-05T14:09:57","modified_gmt":"2025-11-05T13:09:57","slug":"start","status":"publish","type":"page","link":"https:\/\/janmeifert.de\/blog\/","title":{"rendered":""},"content":{"rendered":"<p><img data-recalc-dims=\"1\" loading=\"lazy\" decoding=\"async\" src=\"https:\/\/i0.wp.com\/janmeifert.de\/blog\/wp-content\/uploads\/2024\/11\/cropped-2023130-27.jpg?resize=1024%2C576&#038;ssl=1\" alt=\"\" width=\"1024\" height=\"576\" class=\"alignnone size-large wp-image-7029\" srcset=\"https:\/\/i0.wp.com\/janmeifert.de\/blog\/wp-content\/uploads\/2024\/11\/cropped-2023130-27.jpg?resize=1024%2C576&amp;ssl=1 1024w, https:\/\/i0.wp.com\/janmeifert.de\/blog\/wp-content\/uploads\/2024\/11\/cropped-2023130-27.jpg?resize=300%2C169&amp;ssl=1 300w, https:\/\/i0.wp.com\/janmeifert.de\/blog\/wp-content\/uploads\/2024\/11\/cropped-2023130-27.jpg?resize=768%2C432&amp;ssl=1 768w, https:\/\/i0.wp.com\/janmeifert.de\/blog\/wp-content\/uploads\/2024\/11\/cropped-2023130-27.jpg?resize=1536%2C864&amp;ssl=1 1536w, https:\/\/i0.wp.com\/janmeifert.de\/blog\/wp-content\/uploads\/2024\/11\/cropped-2023130-27.jpg?w=1920&amp;ssl=1 1920w\" sizes=\"auto, (max-width: 1000px) 100vw, 1000px\" \/><\/p>\n<p>&#8220;In der Blasphemie gibt es einen heimlichen Pakt, einen Wunsch nach Gemeinschaft, die nicht im christlichen (&#8230;) Geist verwurzelt ist. Blasphemie sch\u00fctzt uns vor den moralischen Phantasiem\u00e4rchen, mit denen wir aufgewachsen sind; Blasphemie lehnt alles ab, was unsere Unterwerfung einfordert. Sie zeigt uns einen Spalt in dieser Wirklichkeit, durch den wir einen anderen, offeneren Ort erkennen k\u00f6nnen. Blasphemie hat nicht vergessen, woher sie kommt, sie erh\u00e4lt den Widerstand und die Energie aufrecht. (&#8230;) Sie ist ein unbekannter gemeinschaftlicher Ort, ein unm\u00f6glicher Ort. An einem solchen Ort kann Kunst durch uns magisch werden.\u201c<br \/>\naus <em><a href=\"https:\/\/www.maerzverlag.de\/shop\/buecher\/literatur\/gott-hassen\/\" rel=\"noopener\" target=\"_blank\">Jenny Hvals &#8220;Gott hassen&#8221;<\/a><\/em><\/p>\n","protected":false},"excerpt":{"rendered":"<p>&#8220;In der Blasphemie gibt es einen heimlichen Pakt, einen Wunsch nach Gemeinschaft, die nicht im christlichen (&#8230;) Geist verwurzelt ist. Blasphemie sch\u00fctzt uns vor den moralischen Phantasiem\u00e4rchen, mit denen wir aufgewachsen sind; Blasphemie lehnt alles ab, was unsere Unterwerfung einfordert. Sie zeigt uns einen Spalt in dieser Wirklichkeit, durch den wir einen anderen, offeneren Ort [&hellip;]<\/p>\n","protected":false},"author":1,"featured_media":7029,"parent":0,"menu_order":0,"comment_status":"closed","ping_status":"closed","template":"","meta":{"_monsterinsights_skip_tracking":false,"_monsterinsights_sitenote_active":false,"_monsterinsights_sitenote_note":"","_monsterinsights_sitenote_category":0,"_uf_show_specific_survey":0,"_uf_disable_surveys":false,"jetpack_post_was_ever_published":false,"footnotes":""},"class_list":["post-2159","page","type-page","status-publish","has-post-thumbnail","hentry"],"jetpack_sharing_enabled":true,"jetpack_shortlink":"https:\/\/wp.me\/P7113x-yP","jetpack_likes_enabled":true,"publishpress_future_action":{"enabled":false,"date":"2026-05-09 06:01:12","action":"change-status","newStatus":"draft","terms":[],"taxonomy":"","extraData":[]},"publishpress_future_workflow_manual_trigger":{"enabledWorkflows":[]},"_links":{"self":[{"href":"https:\/\/janmeifert.de\/blog\/index.php?rest_route=\/wp\/v2\/pages\/2159","targetHints":{"allow":["GET"]}}],"collection":[{"href":"https:\/\/janmeifert.de\/blog\/index.php?rest_route=\/wp\/v2\/pages"}],"about":[{"href":"https:\/\/janmeifert.de\/blog\/index.php?rest_route=\/wp\/v2\/types\/page"}],"author":[{"embeddable":true,"href":"https:\/\/janmeifert.de\/blog\/index.php?rest_route=\/wp\/v2\/users\/1"}],"replies":[{"embeddable":true,"href":"https:\/\/janmeifert.de\/blog\/index.php?rest_route=%2Fwp%2Fv2%2Fcomments&post=2159"}],"version-history":[{"count":19,"href":"https:\/\/janmeifert.de\/blog\/index.php?rest_route=\/wp\/v2\/pages\/2159\/revisions"}],"predecessor-version":[{"id":7497,"href":"https:\/\/janmeifert.de\/blog\/index.php?rest_route=\/wp\/v2\/pages\/2159\/revisions\/7497"}],"wp:featuredmedia":[{"embeddable":true,"href":"https:\/\/janmeifert.de\/blog\/index.php?rest_route=\/wp\/v2\/media\/7029"}],"wp:attachment":[{"href":"https:\/\/janmeifert.de\/blog\/index.php?rest_route=%2Fwp%2Fv2%2Fmedia&parent=2159"}],"curies":[{"name":"wp","href":"https:\/\/api.w.org\/{rel}","templated":true}]}}